{"id":50,"date":"2025-08-01T15:26:58","date_gmt":"2025-08-01T15:26:58","guid":{"rendered":"https:\/\/cremacatalana.net\/?page_id=50"},"modified":"2025-11-22T11:03:10","modified_gmt":"2025-11-22T11:03:10","slug":"cursos","status":"publish","type":"page","link":"https:\/\/cremacatalana.net\/es\/cursos\/","title":{"rendered":"Cursos"},"content":{"rendered":"<p>[et_pb_section fb_built=&#8221;1&#8243; _builder_version=&#8221;4.26.0&#8243; _module_preset=&#8221;default&#8221; background_color=&#8221;#FFF8D5&#8243; custom_padding=&#8221;3px||1px|||&#8221; global_colors_info=&#8221;{}&#8221; theme_builder_area=&#8221;post_content&#8221;][et_pb_row _builder_version=&#8221;4.26.0&#8243; _module_preset=&#8221;default&#8221; custom_padding=&#8221;4px|||||&#8221; global_colors_info=&#8221;{}&#8221; theme_builder_area=&#8221;post_content&#8221;][et_pb_column type=&#8221;4_4&#8243; _builder_version=&#8221;4.26.0&#8243; _module_preset=&#8221;default&#8221; global_colors_info=&#8221;{}&#8221; theme_builder_area=&#8221;post_content&#8221;][et_pb_heading title=&#8221;Apr\u00e8n catal\u00e0 des de casa teva amb un m\u00e8tode pr\u00e0ctic i flexible\ud83d\udc4c &#8221; _builder_version=&#8221;4.27.4&#8243; _module_preset=&#8221;default&#8221; title_level=&#8221;h2&#8243; custom_margin=&#8221;0px||||false|false&#8221; custom_padding=&#8221;50px||||false|false&#8221; global_colors_info=&#8221;{}&#8221; theme_builder_area=&#8221;post_content&#8221;][\/et_pb_heading][et_pb_text _builder_version=&#8221;4.26.0&#8243; _module_preset=&#8221;default&#8221; global_colors_info=&#8221;{}&#8221; theme_builder_area=&#8221;post_content&#8221;]<\/p>\n<p>\u00a0Puedo ayudarte a conseguir tus <strong>objetivos<\/strong> desde <strong>varios caminos<\/strong>: como cada uno tiene una <strong>manera personal de aprender,<\/strong> no existen f\u00f3rmulas magistrales que funcionen para todos.\u00a0<\/p>\n<p>[\/et_pb_text][\/et_pb_column][\/et_pb_row][\/et_pb_section][et_pb_section fb_built=&#8221;1&#8243; _builder_version=&#8221;4.27.4&#8243; _module_preset=&#8221;default&#8221; background_color=&#8221;#FCD8C9&#8243; background_image=&#8221;https:\/\/cremacatalana.net\/wp-content\/uploads\/2025\/08\/diccionari.svg&#8221; background_size=&#8221;custom&#8221; background_image_width=&#8221;48%&#8221; background_image_height=&#8221;50%&#8221; background_position=&#8221;center_right&#8221; background_horizontal_offset=&#8221;0%&#8221; custom_margin=&#8221;40px|||||&#8221; custom_padding=&#8221;34px|||||&#8221; global_colors_info=&#8221;{}&#8221; theme_builder_area=&#8221;post_content&#8221;][et_pb_row _builder_version=&#8221;4.26.0&#8243; _module_preset=&#8221;default&#8221; custom_padding=&#8221;6px|||||&#8221; global_colors_info=&#8221;{}&#8221; theme_builder_area=&#8221;post_content&#8221;][et_pb_column type=&#8221;4_4&#8243; _builder_version=&#8221;4.26.0&#8243; _module_preset=&#8221;default&#8221; global_colors_info=&#8221;{}&#8221; theme_builder_area=&#8221;post_content&#8221;][et_pb_heading title=&#8221;Un idioma&#8230; diversos camins!&#8221; _builder_version=&#8221;4.27.4&#8243; _module_preset=&#8221;default&#8221; title_level=&#8221;h2&#8243; title_font_size=&#8221;50px&#8221; global_colors_info=&#8221;{}&#8221; theme_builder_area=&#8221;post_content&#8221;][\/et_pb_heading][et_pb_text _builder_version=&#8221;4.27.4&#8243; _module_preset=&#8221;default&#8221; custom_padding=&#8221;||0px|||&#8221; global_colors_info=&#8221;{}&#8221; theme_builder_area=&#8221;post_content&#8221;]<\/p>\n<p>Sea cual sea tu objetivo, lo m\u00e1s importante es que la <strong>metodolog\u00eda<\/strong> que sigues se adapte a tu <strong>forma de aprender<\/strong>. \u00bfEres m\u00e1s de <strong>clases individuales<\/strong> o de<strong> cursos en grupo<\/strong>? <strong>\u00a1No hay problema, aqu\u00ed hay sitio para todos!<\/strong> \ud83d\ude4c<\/p>\n<p>[\/et_pb_text][\/et_pb_column][\/et_pb_row][et_pb_row column_structure=&#8221;1_2,1_2&#8243; make_equal=&#8221;on&#8221; _builder_version=&#8221;4.27.4&#8243; _module_preset=&#8221;default&#8221; background_enable_image=&#8221;off&#8221; min_height=&#8221;535.4px&#8221; custom_padding=&#8221;0px|||||&#8221; hover_enabled=&#8221;0&#8243; global_colors_info=&#8221;{}&#8221; theme_builder_area=&#8221;post_content&#8221; sticky_enabled=&#8221;0&#8243;][et_pb_column type=&#8221;1_2&#8243; _builder_version=&#8221;4.26.0&#8243; _module_preset=&#8221;default&#8221; background_color=&#8221;#FFF8D5&#8243; background_image=&#8221;https:\/\/cremacatalana.net\/wp-content\/uploads\/2025\/08\/pngimg.com-lemon_PNG25194.png&#8221; background_size=&#8221;custom&#8221; background_image_width=&#8221;34%&#8221; background_position=&#8221;bottom_right&#8221; custom_padding=&#8221;27px|31px|27px|31px|true|true&#8221; border_radii=&#8221;off|20px|20px|20px|&#8221; border_width_all=&#8221;4px&#8221; border_color_all=&#8221;#8A0400&#8243; global_colors_info=&#8221;{}&#8221; theme_builder_area=&#8221;post_content&#8221;][et_pb_heading title=&#8221;Curs de catal\u00e0 en grup&#8221; _builder_version=&#8221;4.27.4&#8243; _module_preset=&#8221;default&#8221; title_level=&#8221;h3&#8243; title_font_size=&#8221;25px&#8221; border_width_bottom=&#8221;3px&#8221; border_color_bottom=&#8221;#8A0400&#8243; global_colors_info=&#8221;{}&#8221; theme_builder_area=&#8221;post_content&#8221;][\/et_pb_heading][et_pb_text _builder_version=&#8221;4.26.0&#8243; _module_preset=&#8221;default&#8221; global_colors_info=&#8221;{}&#8221; theme_builder_area=&#8221;post_content&#8221;]<\/p>\n<p><span>Te presento<strong> Enlaira't<\/strong>, uno <strong data-start=\"2505\" data-end=\"2556\">curso de catal\u00e1n <\/strong>100% <strong>en l\u00ednea<\/strong> y en grupos reducidos para los<strong> niveles A1-B2<\/strong>, que te ayudar\u00e1 a<strong> comunicarte<\/strong> efectivamente en catal\u00e1n y mejorar tu fluidez desde el primer d\u00eda.\u00a0<\/span><\/p>\n<p>[\/et_pb_text][et_pb_button button_url=&#8221;@ET-DC@eyJkeW5hbWljIjp0cnVlLCJjb250ZW50IjoicG9zdF9saW5rX3VybF9wYWdlIiwic2V0dGluZ3MiOnsicG9zdF9pZCI6IjM1MCJ9fQ==@&#8221; button_text=&#8221;M\u00e9s informaci\u00f3&#8221; _builder_version=&#8221;4.27.4&#8243; _dynamic_attributes=&#8221;button_url&#8221; _module_preset=&#8221;default&#8221; box_shadow_style=&#8221;preset4&#8243; box_shadow_color=&#8221;#E09900&#8243; global_colors_info=&#8221;{}&#8221; theme_builder_area=&#8221;post_content&#8221;][\/et_pb_button][\/et_pb_column][et_pb_column type=&#8221;1_2&#8243; _builder_version=&#8221;4.27.4&#8243; _module_preset=&#8221;default&#8221; background_color=&#8221;#FFF8D5&#8243; background_image=&#8221;https:\/\/cremacatalana.net\/wp-content\/uploads\/2025\/08\/canyella.png&#8221; background_size=&#8221;custom&#8221; background_image_width=&#8221;57%&#8221; background_position=&#8221;bottom_right&#8221; custom_padding=&#8221;27px|31px|27px|31px|true|true&#8221; hover_enabled=&#8221;0&#8243; border_radii=&#8221;off|20px|20px|20px|&#8221; border_width_all=&#8221;4px&#8221; border_color_all=&#8221;#8A0400&#8243; global_colors_info=&#8221;{}&#8221; theme_builder_area=&#8221;post_content&#8221; background_image_height=&#8221;72%&#8221; sticky_enabled=&#8221;0&#8243;][et_pb_heading title=&#8221;Curs de preparaci\u00f3 examen C1\/C2 de catal\u00e0&#8221; _builder_version=&#8221;4.27.4&#8243; _module_preset=&#8221;default&#8221; title_level=&#8221;h3&#8243; title_font_size=&#8221;25px&#8221; hover_enabled=&#8221;0&#8243; border_width_bottom=&#8221;3px&#8221; border_color_bottom=&#8221;#8A0400&#8243; global_colors_info=&#8221;{}&#8221; theme_builder_area=&#8221;post_content&#8221; sticky_enabled=&#8221;0&#8243;][\/et_pb_heading][et_pb_text _builder_version=&#8221;4.26.0&#8243; _module_preset=&#8221;default&#8221; global_colors_info=&#8221;{}&#8221; theme_builder_area=&#8221;post_content&#8221;]<\/p>\n<p><span>En este <strong>curso en l\u00ednea<\/strong>, trabajaremos todas las habilidades (<strong>expresi\u00f3n oral, expresi\u00f3n escrita y dominio de la normativa ling\u00fc\u00edstica<\/strong>) para ayudarte a alcanzar <strong>el aprobado<\/strong> que tanto deseas con <strong>seguridad<\/strong>.<\/span><\/p>\n<p>[\/et_pb_text][et_pb_button button_url=&#8221;@ET-DC@eyJkeW5hbWljIjp0cnVlLCJjb250ZW50IjoicG9zdF9saW5rX3VybF9wYWdlIiwic2V0dGluZ3MiOnsicG9zdF9pZCI6IjI4MiJ9fQ==@&#8221; button_text=&#8221;M\u00e9s informaci\u00f3&#8221; _builder_version=&#8221;4.27.4&#8243; _dynamic_attributes=&#8221;button_url&#8221; _module_preset=&#8221;default&#8221; hover_enabled=&#8221;0&#8243; box_shadow_style=&#8221;preset4&#8243; box_shadow_color=&#8221;#E09900&#8243; global_colors_info=&#8221;{}&#8221; theme_builder_area=&#8221;post_content&#8221; sticky_enabled=&#8221;0&#8243;][\/et_pb_button][\/et_pb_column][\/et_pb_row][et_pb_row _builder_version=&#8221;4.27.4&#8243; _module_preset=&#8221;default&#8221; global_colors_info=&#8221;{}&#8221; theme_builder_area=&#8221;post_content&#8221;][et_pb_column type=&#8221;4_4&#8243; _builder_version=&#8221;4.27.4&#8243; _module_preset=&#8221;default&#8221; global_colors_info=&#8221;{}&#8221; theme_builder_area=&#8221;post_content&#8221;][et_pb_text _builder_version=&#8221;4.26.0&#8243; _module_preset=&#8221;default&#8221; global_colors_info=&#8221;{}&#8221; theme_builder_area=&#8221;post_content&#8221;]<\/p>\n<p>\u00bfSigues teniendo dudas sobre <strong>qu\u00e9 modalidad o nivel te conviene m\u00e1s<\/strong>?<br \/>\u00a1Reserva una <strong>videollamada gratuita conmigo<\/strong> (mediante Google Meet) y <strong>te ayudar\u00e9 a decidir<\/strong> con mucho gusto!<\/p>\n<p>[\/et_pb_text][et_pb_button button_url=&#8221;https:\/\/tidycal.com\/cremacatalana\/trucada-valoracio-gratuita&#8221; url_new_window=&#8221;on&#8221; button_text=&#8221;Reserva una videotrucada&#8221; _builder_version=&#8221;4.27.4&#8243; _module_preset=&#8221;default&#8221; box_shadow_style=&#8221;preset4&#8243; box_shadow_color=&#8221;#E09900&#8243; global_colors_info=&#8221;{}&#8221; theme_builder_area=&#8221;post_content&#8221;][\/et_pb_button][\/et_pb_column][\/et_pb_row][\/et_pb_section][et_pb_section fb_built=&#8221;1&#8243; _builder_version=&#8221;4.27.4&#8243; _module_preset=&#8221;default&#8221; background_color=&#8221;#8A0400&#8243; background_image=&#8221;https:\/\/cremacatalana.net\/wp-content\/uploads\/2025\/08\/pot-llapis.svg&#8221; background_size=&#8221;contain&#8221; background_position=&#8221;center_right&#8221; global_colors_info=&#8221;{}&#8221; theme_builder_area=&#8221;post_content&#8221;][et_pb_row _builder_version=&#8221;4.26.0&#8243; _module_preset=&#8221;default&#8221; custom_padding=&#8221;||0px|||&#8221; global_colors_info=&#8221;{}&#8221; theme_builder_area=&#8221;post_content&#8221;][et_pb_column type=&#8221;4_4&#8243; _builder_version=&#8221;4.26.0&#8243; _module_preset=&#8221;default&#8221; global_colors_info=&#8221;{}&#8221; theme_builder_area=&#8221;post_content&#8221;][et_pb_heading title=&#8221;I si no en tens prou&#8230;&#8221; _builder_version=&#8221;4.27.4&#8243; _module_preset=&#8221;default&#8221; title_level=&#8221;h2&#8243; title_text_color=&#8221;#FFF8D5&#8243; title_font_size=&#8221;50px&#8221; global_colors_info=&#8221;{}&#8221; theme_builder_area=&#8221;post_content&#8221;][\/et_pb_heading][et_pb_text _builder_version=&#8221;4.27.4&#8243; _module_preset=&#8221;default&#8221; text_text_color=&#8221;#FFF8D5&#8243; custom_padding=&#8221;||0px|||&#8221; global_colors_info=&#8221;{}&#8221; theme_builder_area=&#8221;post_content&#8221;]<\/p>\n<p>\u00bfNo dispones de <strong>tiempo suficiente<\/strong> para hacer un curso o quieres m\u00e1s <strong>materiales para ampliar conocimientos<\/strong>?<br \/>Tienes a tu disposici\u00f3n una serie de <strong>recursos<\/strong> para continuar <strong>aprendiendo catal\u00e1n<\/strong> de una forma <strong>estimulante<\/strong> y <strong>relajada.<\/strong><\/p>\n<p>[\/et_pb_text][\/et_pb_column][\/et_pb_row][et_pb_row make_equal=&#8221;on&#8221; _builder_version=&#8221;4.27.4&#8243; _module_preset=&#8221;default&#8221; background_enable_image=&#8221;off&#8221; background_position=&#8221;bottom_left&#8221; hover_enabled=&#8221;0&#8243; global_colors_info=&#8221;{}&#8221; theme_builder_area=&#8221;post_content&#8221; sticky_enabled=&#8221;0&#8243;][et_pb_column type=&#8221;4_4&#8243; _builder_version=&#8221;4.27.4&#8243; _module_preset=&#8221;default&#8221; background_color=&#8221;#FFF8D5&#8243; background_size=&#8221;custom&#8221; background_image_width=&#8221;34%&#8221; background_position=&#8221;bottom_right&#8221; custom_padding=&#8221;27px|31px|27px|31px|true|true&#8221; hover_enabled=&#8221;0&#8243; border_radii=&#8221;off|20px|20px|20px|&#8221; border_width_all=&#8221;4px&#8221; border_color_all=&#8221;#8A0400&#8243; global_colors_info=&#8221;{}&#8221; theme_builder_area=&#8221;post_content&#8221; background_enable_image=&#8221;off&#8221; sticky_enabled=&#8221;0&#8243;][et_pb_heading title=&#8221;P\u00f2dcast&#8221; _builder_version=&#8221;4.27.4&#8243; _module_preset=&#8221;default&#8221; title_level=&#8221;h3&#8243; title_font_size=&#8221;25px&#8221; border_width_bottom=&#8221;3px&#8221; border_color_bottom=&#8221;#8A0400&#8243; global_colors_info=&#8221;{}&#8221; theme_builder_area=&#8221;post_content&#8221;][\/et_pb_heading][et_pb_text _builder_version=&#8221;4.27.4&#8243; _module_preset=&#8221;default&#8221; global_colors_info=&#8221;{}&#8221; theme_builder_area=&#8221;post_content&#8221;]<\/p>\n<p><span>Con el podcast gratuito \u00ab<strong>I tu? El p\u00f2dcast per aprendre i millorar el catal\u00e0<\/strong>\u00bb podr\u00e1s practicar el catal\u00e1n acompa\u00f1ado\/a de una profesora, cuando quieras y donde quieras.<\/span><\/p>\n<p>[\/et_pb_text][et_pb_button button_url=&#8221;https:\/\/open.spotify.com\/show\/3yr7mkeXejDn3ON14IiWK5&#8243; url_new_window=&#8221;on&#8221; button_text=&#8221;Escoltar el p\u00f2dcast&#8221; _builder_version=&#8221;4.27.4&#8243; _module_preset=&#8221;default&#8221; box_shadow_style=&#8221;preset4&#8243; box_shadow_color=&#8221;#E09900&#8243; global_colors_info=&#8221;{}&#8221; theme_builder_area=&#8221;post_content&#8221;][\/et_pb_button][\/et_pb_column][\/et_pb_row][\/et_pb_section][et_pb_section fb_built=&#8221;1&#8243; _builder_version=&#8221;4.27.4&#8243; _module_preset=&#8221;default&#8221; background_color=&#8221;#FCD8C9&#8243; global_colors_info=&#8221;{}&#8221; theme_builder_area=&#8221;post_content&#8221;][et_pb_row _builder_version=&#8221;4.27.4&#8243; _module_preset=&#8221;default&#8221; custom_padding=&#8221;||1px|||&#8221; global_colors_info=&#8221;{}&#8221; theme_builder_area=&#8221;post_content&#8221;][et_pb_column type=&#8221;4_4&#8243; _builder_version=&#8221;4.27.4&#8243; _module_preset=&#8221;default&#8221; global_colors_info=&#8221;{}&#8221; theme_builder_area=&#8221;post_content&#8221;][et_pb_heading title=&#8221;Qui t&#8217;acompanyar\u00e0 en aquesta aventura?&#8221; _builder_version=&#8221;4.27.4&#8243; _module_preset=&#8221;default&#8221; title_level=&#8221;h2&#8243; title_font_size=&#8221;40px&#8221; global_colors_info=&#8221;{}&#8221; theme_builder_area=&#8221;post_content&#8221;][\/et_pb_heading][\/et_pb_column][\/et_pb_row][et_pb_row column_structure=&#8221;2_5,3_5&#8243; _builder_version=&#8221;4.27.4&#8243; _module_preset=&#8221;default&#8221; global_colors_info=&#8221;{}&#8221; theme_builder_area=&#8221;post_content&#8221;][et_pb_column type=&#8221;2_5&#8243; _builder_version=&#8221;4.27.4&#8243; _module_preset=&#8221;default&#8221; global_colors_info=&#8221;{}&#8221; theme_builder_area=&#8221;post_content&#8221;][et_pb_image src=&#8221;https:\/\/cremacatalana.net\/wp-content\/uploads\/2025\/09\/04072014-DSC03185-1-scaled.jpg&#8221; alt=&#8221;Foto Mireia Iba\u00f1ez&#8221; title_text=&#8221;04072014-DSC03185&#8243; align=&#8221;center&#8221; _builder_version=&#8221;4.27.4&#8243; _module_preset=&#8221;default&#8221; hover_enabled=&#8221;0&#8243; border_radii=&#8221;on|15px|15px|15px|15px&#8221; box_shadow_style=&#8221;preset4&#8243; box_shadow_color=&#8221;#E09900&#8243; global_colors_info=&#8221;{}&#8221; theme_builder_area=&#8221;post_content&#8221; force_fullwidth=&#8221;on&#8221; sticky_enabled=&#8221;0&#8243;][\/et_pb_image][\/et_pb_column][et_pb_column type=&#8221;3_5&#8243; _builder_version=&#8221;4.27.4&#8243; _module_preset=&#8221;default&#8221; global_colors_info=&#8221;{}&#8221; theme_builder_area=&#8221;post_content&#8221;][et_pb_text _builder_version=&#8221;4.27.4&#8243; _module_preset=&#8221;default&#8221; global_colors_info=&#8221;{}&#8221; theme_builder_area=&#8221;post_content&#8221;]<\/p>\n<div data-id=\"d079797\" data-element_type=\"widget\" data-model-cid=\"c211\" class=\"elementor-element elementor-element-edit-mode elementor-element-d079797 elementor-element--toggle-edit-tools elementor-widget elementor-widget-text-editor ui-resizable\" data-widget_type=\"text-editor.default\">\n<div class=\"elementor-widget-container\">\n<div class=\"elementor-text-editor elementor-clearfix elementor-inline-editing\" data-elementor-setting-key=\"editor\" data-elementor-inline-editing-toolbar=\"advanced\">\n<p>\u00a1Hola, soy <strong>Mireia<\/strong>! Tu nueva <strong>profesora<\/strong>. Como \u00e1vida <strong>aprendiz de idiomas<\/strong> (hablo <strong>catal\u00e1n<\/strong>, <strong>castellano<\/strong>, <strong>ingl\u00e9s<\/strong>, <strong>franc\u00e9s<\/strong> y estoy estudiando <strong>italiano<\/strong> y <strong>ruso<\/strong>) s\u00e9 que dedicar <strong>muchas horas al aprendizaje<\/strong> y sentir que <strong>no avanzas<\/strong> puede ser muy <strong>frustrante<\/strong>. Gracias a todos <strong>los a\u00f1os<\/strong> que he dedicado a <strong>estudiar y ense\u00f1ar idiomas<\/strong>, he podido constatar que <strong>la mejor forma de aprender<\/strong> una nueva lengua es<strong> integrarla en tu d\u00eda a d\u00eda<\/strong>. Es por eso que con estos <strong>cursos<\/strong> te propongo una <strong>metodolog\u00eda innovadora<\/strong>, en la que <strong>te acompa\u00f1ar\u00e9<\/strong> y te <strong>motivar\u00e9<\/strong> <strong>cotidianamente<\/strong> para que consigas tus <strong>objetivos.\u00a0<\/strong><\/p>\n<\/div>\n<\/div>\n<\/div>\n<p>[\/et_pb_text][et_pb_button button_url=&#8221;@ET-DC@eyJkeW5hbWljIjp0cnVlLCJjb250ZW50IjoicG9zdF9saW5rX3VybF9wYWdlIiwic2V0dGluZ3MiOnsicG9zdF9pZCI6IjI3OSJ9fQ==@&#8221; button_text=&#8221;Vols con\u00e8ixer-me millor?&#8221; _builder_version=&#8221;4.27.4&#8243; _dynamic_attributes=&#8221;button_url&#8221; _module_preset=&#8221;default&#8221; box_shadow_style=&#8221;preset4&#8243; box_shadow_color=&#8221;#E09900&#8243; global_colors_info=&#8221;{}&#8221; theme_builder_area=&#8221;post_content&#8221;][\/et_pb_button][\/et_pb_column][\/et_pb_row][\/et_pb_section]<\/p>","protected":false},"excerpt":{"rendered":"<p>\u00a0Puc ajudar-te a assolir els teus objectius des de diversos camins: com que cadasc\u00fa t\u00e9 una manera personal d&#8217;aprendre, no hi ha formules magistrals que funcionin per a tothom.\u00a0Sigui quin sigui el teu objectiu, el m\u00e9s important \u00e9s que la metodologia que segueixes s&#8217;adapti a la teva manera d&#8217;aprendre. Ets m\u00e9s de classes individuals o [&hellip;]<\/p>","protected":false},"author":1,"featured_media":0,"parent":0,"menu_order":0,"comment_status":"closed","ping_status":"closed","template":"","meta":{"_et_pb_use_builder":"on","_et_pb_old_content":"","_et_gb_content_width":"","footnotes":""},"class_list":["post-50","page","type-page","status-publish","hentry"],"_links":{"self":[{"href":"https:\/\/cremacatalana.net\/es\/wp-json\/wp\/v2\/pages\/50","targetHints":{"allow":["GET"]}}],"collection":[{"href":"https:\/\/cremacatalana.net\/es\/wp-json\/wp\/v2\/pages"}],"about":[{"href":"https:\/\/cremacatalana.net\/es\/wp-json\/wp\/v2\/types\/page"}],"author":[{"embeddable":true,"href":"https:\/\/cremacatalana.net\/es\/wp-json\/wp\/v2\/users\/1"}],"replies":[{"embeddable":true,"href":"https:\/\/cremacatalana.net\/es\/wp-json\/wp\/v2\/comments?post=50"}],"version-history":[{"count":43,"href":"https:\/\/cremacatalana.net\/es\/wp-json\/wp\/v2\/pages\/50\/revisions"}],"predecessor-version":[{"id":703,"href":"https:\/\/cremacatalana.net\/es\/wp-json\/wp\/v2\/pages\/50\/revisions\/703"}],"wp:attachment":[{"href":"https:\/\/cremacatalana.net\/es\/wp-json\/wp\/v2\/media?parent=50"}],"curies":[{"name":"wp","href":"https:\/\/api.w.org\/{rel}","templated":true}]}}