{"id":279,"date":"2025-08-20T08:29:46","date_gmt":"2025-08-20T08:29:46","guid":{"rendered":"https:\/\/cremacatalana.net\/?page_id=279"},"modified":"2025-11-22T10:55:56","modified_gmt":"2025-11-22T10:55:56","slug":"sobre-mi","status":"publish","type":"page","link":"https:\/\/cremacatalana.net\/es\/sobre-mi\/","title":{"rendered":"Acerca de m\u00ed"},"content":{"rendered":"<p>[et_pb_section fb_built=&#8221;1&#8243; _builder_version=&#8221;4.27.4&#8243; _module_preset=&#8221;default&#8221; background_color=&#8221;#FFF8D5&#8243; global_colors_info=&#8221;{}&#8221; theme_builder_area=&#8221;post_content&#8221;][et_pb_row column_structure=&#8221;2_5,3_5&#8243; _builder_version=&#8221;4.27.4&#8243; _module_preset=&#8221;default&#8221; global_colors_info=&#8221;{}&#8221; theme_builder_area=&#8221;post_content&#8221;][et_pb_column type=&#8221;2_5&#8243; _builder_version=&#8221;4.27.4&#8243; _module_preset=&#8221;default&#8221; global_colors_info=&#8221;{}&#8221; theme_builder_area=&#8221;post_content&#8221;][et_pb_image src=&#8221;https:\/\/cremacatalana.net\/wp-content\/uploads\/2025\/09\/04072014-DSC03190-copia-scaled.jpg&#8221; alt=&#8221;Foto Mireia Iba\u00f1ez&#8221; title_text=&#8221;04072014-DSC03190 &#8211; c\u00f2pia&#8221; align=&#8221;center&#8221; _builder_version=&#8221;4.27.4&#8243; _module_preset=&#8221;default&#8221; hover_enabled=&#8221;0&#8243; border_radii=&#8221;on|15px|15px|15px|15px&#8221; box_shadow_style=&#8221;preset4&#8243; box_shadow_color=&#8221;#E09900&#8243; global_colors_info=&#8221;{}&#8221; theme_builder_area=&#8221;post_content&#8221; force_fullwidth=&#8221;on&#8221; sticky_enabled=&#8221;0&#8243;][\/et_pb_image][\/et_pb_column][et_pb_column type=&#8221;3_5&#8243; _builder_version=&#8221;4.27.4&#8243; _module_preset=&#8221;default&#8221; global_colors_info=&#8221;{}&#8221; theme_builder_area=&#8221;post_content&#8221;][et_pb_heading title=&#8221;Benvingut\/da a&#8221; _builder_version=&#8221;4.27.4&#8243; _module_preset=&#8221;default&#8221; title_text_align=&#8221;left&#8221; global_colors_info=&#8221;{}&#8221; theme_builder_area=&#8221;post_content&#8221;][\/et_pb_heading][et_pb_image src=&#8221;https:\/\/cremacatalana.net\/wp-content\/uploads\/2025\/08\/logopng.png&#8221; alt=&#8221;logo Cremacatalana&#8221; title_text=&#8221;freelance-writer-11-1&#8243; _builder_version=&#8221;4.27.4&#8243; _module_preset=&#8221;default&#8221; background_image=&#8221;https:\/\/cremacatalana.net\/wp-content\/uploads\/2025\/08\/freelance-writer-11-1.png&#8221; width=&#8221;71%&#8221; global_colors_info=&#8221;{}&#8221; theme_builder_area=&#8221;post_content&#8221;][\/et_pb_image][et_pb_text _builder_version=&#8221;4.27.4&#8243; _module_preset=&#8221;default&#8221; global_colors_info=&#8221;{}&#8221; theme_builder_area=&#8221;post_content&#8221;]<\/p>\n<p>Soy <strong>Mireia<\/strong>, <strong>profesora de catal\u00e1n<\/strong>, <strong>correctora<\/strong>, <strong>traductora<\/strong> y <strong>escritora<\/strong>. Con <strong>crema\u00b7catalana<\/strong>, he creado un espacio para <strong>poner a tu servicio<\/strong> mi gran pasi\u00f3n: la <strong>lengua.\u00a0<\/strong><\/p>\n<p>Mi objetivo es que <strong>aprender catal\u00e1n<\/strong> no sea una tarea dura y aburrida: quiero transmitirte<strong> la riqueza de mi lengua<\/strong> y su <strong>cultura<\/strong> de una forma <strong>cercana<\/strong>, <strong>estimulante<\/strong> y <strong>profesional<\/strong>.<\/p>\n<p>[\/et_pb_text][\/et_pb_column][\/et_pb_row][et_pb_row column_structure=&#8221;3_5,2_5&#8243; disabled_on=&#8221;on|on|off&#8221; _builder_version=&#8221;4.27.4&#8243; _module_preset=&#8221;default&#8221; global_colors_info=&#8221;{}&#8221; theme_builder_area=&#8221;post_content&#8221;][et_pb_column type=&#8221;3_5&#8243; _builder_version=&#8221;4.27.4&#8243; _module_preset=&#8221;default&#8221; global_colors_info=&#8221;{}&#8221; theme_builder_area=&#8221;post_content&#8221;][et_pb_text _builder_version=&#8221;4.27.4&#8243; _module_preset=&#8221;default&#8221; global_colors_info=&#8221;{}&#8221; theme_builder_area=&#8221;post_content&#8221;]<\/p>\n<p>Mi <strong>formaci\u00f3n<\/strong> y <strong>experiencia<\/strong> certifican la <strong>calidad de los servicios<\/strong> que ofrezco, para que tengas la confianza de<strong>estar en buenas manos<\/strong>. Soy <strong>graduada en Lenguas y Literaturas Modernas<\/strong> y tengo <strong>m\u00e1steres<\/strong> en <strong>Traducci\u00f3n<\/strong>, <strong>Formaci\u00f3n del Profesorado<\/strong> y <strong>Correcci\u00f3n y Asesoramiento Ling\u00fc\u00edstico<\/strong>.<\/p>\n<p>En cuanto a la m\u00eda <strong>experiencia docente<\/strong>, he trabajado como <strong>profesora de secundaria<\/strong> y actualmente combino la <strong>docencia en l\u00ednea del catal\u00e1n para adultos<\/strong> con la <strong>docencia universitaria<\/strong> en el grado en Traducci\u00f3n e Interpretaci\u00f3n en la <strong>Universidad Pompeu Fabra<\/strong>, una de las m\u00e1s prestigiosas de Catalu\u00f1a.<\/p>\n<p>Como <strong>correctora<\/strong> y <strong>traductora<\/strong>, he trabajado en medios de comunicaci\u00f3n, como <strong>La Vanguardia<\/strong> y <strong>El Peri\u00f3dico, <\/strong>y en <strong>agencias de traducci\u00f3n<\/strong>. Ahora, como <strong>aut\u00f3noma<\/strong>, colaboro con varias <strong>instituciones<\/strong> y <strong>editoriales<\/strong>.<\/p>\n<p>[\/et_pb_text][\/et_pb_column][et_pb_column type=&#8221;2_5&#8243; _builder_version=&#8221;4.27.4&#8243; _module_preset=&#8221;default&#8221; global_colors_info=&#8221;{}&#8221; theme_builder_area=&#8221;post_content&#8221;][et_pb_image src=&#8221;https:\/\/cremacatalana.net\/wp-content\/uploads\/2025\/09\/04072014-DSC03340u-scaled.jpg&#8221; title_text=&#8221;04072014-DSC03340u&#8221; align=&#8221;center&#8221; _builder_version=&#8221;4.27.4&#8243; _module_preset=&#8221;default&#8221; width=&#8221;74%&#8221; border_radii=&#8221;on|18px|18px|18px|18px&#8221; box_shadow_style=&#8221;preset4&#8243; box_shadow_color=&#8221;#E09900&#8243; global_colors_info=&#8221;{}&#8221; theme_builder_area=&#8221;post_content&#8221;][\/et_pb_image][\/et_pb_column][\/et_pb_row][et_pb_row column_structure=&#8221;2_5,3_5&#8243; disabled_on=&#8221;off|off|on&#8221; _builder_version=&#8221;4.27.4&#8243; _module_preset=&#8221;default&#8221; global_colors_info=&#8221;{}&#8221; theme_builder_area=&#8221;post_content&#8221;][et_pb_column type=&#8221;2_5&#8243; _builder_version=&#8221;4.27.4&#8243; _module_preset=&#8221;default&#8221; global_colors_info=&#8221;{}&#8221; theme_builder_area=&#8221;post_content&#8221;][et_pb_image src=&#8221;https:\/\/cremacatalana.net\/wp-content\/uploads\/2025\/09\/04072014-DSC03340u-scaled.jpg&#8221; title_text=&#8221;04072014-DSC03340u&#8221; align=&#8221;center&#8221; _builder_version=&#8221;4.27.4&#8243; _module_preset=&#8221;default&#8221; hover_enabled=&#8221;0&#8243; border_radii=&#8221;on|18px|18px|18px|18px&#8221; box_shadow_style=&#8221;preset4&#8243; box_shadow_color=&#8221;#E09900&#8243; global_colors_info=&#8221;{}&#8221; theme_builder_area=&#8221;post_content&#8221; force_fullwidth=&#8221;on&#8221; sticky_enabled=&#8221;0&#8243;][\/et_pb_image][\/et_pb_column][et_pb_column type=&#8221;3_5&#8243; _builder_version=&#8221;4.27.4&#8243; _module_preset=&#8221;default&#8221; global_colors_info=&#8221;{}&#8221; theme_builder_area=&#8221;post_content&#8221;][et_pb_text _builder_version=&#8221;4.27.4&#8243; _module_preset=&#8221;default&#8221; global_colors_info=&#8221;{}&#8221; theme_builder_area=&#8221;post_content&#8221;]<\/p>\n<p>Mi <strong>formaci\u00f3n<\/strong> y <strong>experiencia<\/strong> certifican la <strong>calidad de los servicios<\/strong> que ofrezco, para que tengas la confianza de<strong>estar en buenas manos<\/strong>. Soy <strong>graduada en Lenguas y Literaturas Modernas<\/strong> y tengo <strong>m\u00e1steres<\/strong> en <strong>Traducci\u00f3n<\/strong>, <strong>Formaci\u00f3n del Profesorado<\/strong> y <strong>Correcci\u00f3n y Asesoramiento Ling\u00fc\u00edstico<\/strong>.<\/p>\n<p>En cuanto a la m\u00eda <strong>experiencia docente<\/strong>, he trabajado como <strong>profesora de secundaria<\/strong> y actualmente combino la <strong>docencia en l\u00ednea del catal\u00e1n para adultos<\/strong> con la <strong>docencia universitaria<\/strong> en el grado en Traducci\u00f3n e Interpretaci\u00f3n en la <strong>Universidad Pompeu Fabra<\/strong>, una de las m\u00e1s prestigiosas de Catalu\u00f1a.<\/p>\n<p>Como <strong>correctora<\/strong> y <strong>traductora<\/strong>, he trabajado en medios de comunicaci\u00f3n, como <strong>La Vanguardia<\/strong> y <strong>El Peri\u00f3dico, <\/strong>y en <strong>agencias de traducci\u00f3n<\/strong>. Ahora, como <strong>aut\u00f3noma<\/strong>, colaboro con varias <strong>instituciones<\/strong> y <strong>editoriales<\/strong>.<\/p>\n<p>[\/et_pb_text][\/et_pb_column][\/et_pb_row][et_pb_row column_structure=&#8221;2_5,3_5&#8243; _builder_version=&#8221;4.27.4&#8243; _module_preset=&#8221;default&#8221; global_colors_info=&#8221;{}&#8221; theme_builder_area=&#8221;post_content&#8221;][et_pb_column type=&#8221;2_5&#8243; _builder_version=&#8221;4.27.4&#8243; _module_preset=&#8221;default&#8221; global_colors_info=&#8221;{}&#8221; theme_builder_area=&#8221;post_content&#8221;][et_pb_image src=&#8221;https:\/\/cremacatalana.net\/wp-content\/uploads\/2025\/09\/04072014-DSC03265u-scaled.jpg&#8221; title_text=&#8221;04072014-DSC03265u&#8221; align=&#8221;center&#8221; _builder_version=&#8221;4.27.4&#8243; _module_preset=&#8221;default&#8221; hover_enabled=&#8221;0&#8243; border_radii=&#8221;on|15px|15px|15px|15px&#8221; border_color_all=&#8221;#E09900&#8243; box_shadow_style=&#8221;preset4&#8243; box_shadow_color=&#8221;#E09900&#8243; global_colors_info=&#8221;{}&#8221; theme_builder_area=&#8221;post_content&#8221; force_fullwidth=&#8221;on&#8221; sticky_enabled=&#8221;0&#8243;][\/et_pb_image][\/et_pb_column][et_pb_column type=&#8221;3_5&#8243; _builder_version=&#8221;4.27.4&#8243; _module_preset=&#8221;default&#8221; global_colors_info=&#8221;{}&#8221; theme_builder_area=&#8221;post_content&#8221;][et_pb_text _builder_version=&#8221;4.27.4&#8243; _module_preset=&#8221;default&#8221; global_colors_info=&#8221;{}&#8221; theme_builder_area=&#8221;post_content&#8221;]<\/p>\n<p>Con mi cuenta <strong>de Instagram<\/strong> <strong>@cremacatalana.learn<\/strong> difundo el catal\u00e1n con <strong>contenido para ayudarte a aprender y hablar este idioma<\/strong> tan especial.<\/p>\n<p>Tambi\u00e9n tengo un <strong>podcast gratuito<\/strong>, titulado <span>\u00ab<strong>I tu? El p\u00f2dcast per aprendre i millorar el catal\u00e0<\/strong>\u00bb, orientado a estudiantes de un nivel principiante\/intermedio. <\/span><\/p>\n<p><span>Si est\u00e1s <strong>aprendiendo catal\u00e1n<\/strong> y quieres estar al d\u00eda de todas las <strong>actividades y cursos que ofrezco<\/strong>, te invito a unirte a mi <strong>comunidad de WhatsApp,<\/strong> donde tambi\u00e9n organizamos <strong>encuentros presenciales gratuitos<\/strong> para hablar catal\u00e1n. <em>Oh, benvinguts, passeu, passeu<\/em>! \ud83e\udd17\u2b07\ufe0f\u00a0<\/span><\/p>\n<p>[\/et_pb_text][et_pb_button button_url=&#8221;https:\/\/chat.whatsapp.com\/GnhqoteG9sK5MiBJmxvy98&#8243; button_text=&#8221;Uneix-te a la comunitat de WhatsApp&#8221; _builder_version=&#8221;4.27.4&#8243; _module_preset=&#8221;default&#8221; box_shadow_style=&#8221;preset4&#8243; box_shadow_color=&#8221;#E09900&#8243; global_colors_info=&#8221;{}&#8221; theme_builder_area=&#8221;post_content&#8221;][\/et_pb_button][\/et_pb_column][\/et_pb_row][\/et_pb_section][et_pb_section fb_built=&#8221;1&#8243; _builder_version=&#8221;4.27.4&#8243; _module_preset=&#8221;default&#8221; background_color=&#8221;#FCD8C9&#8243; global_colors_info=&#8221;{}&#8221; theme_builder_area=&#8221;post_content&#8221;][et_pb_row _builder_version=&#8221;4.27.4&#8243; _module_preset=&#8221;default&#8221; global_colors_info=&#8221;{}&#8221; theme_builder_area=&#8221;post_content&#8221;][et_pb_column type=&#8221;4_4&#8243; _builder_version=&#8221;4.27.4&#8243; _module_preset=&#8221;default&#8221; global_colors_info=&#8221;{}&#8221; theme_builder_area=&#8221;post_content&#8221;][et_pb_heading title=&#8221;Si vols con\u00e8ixer-me una mica millor&#8230;&#8221; _builder_version=&#8221;4.27.4&#8243; _module_preset=&#8221;default&#8221; title_text_align=&#8221;center&#8221; title_font_size=&#8221;50px&#8221; global_colors_info=&#8221;{}&#8221; theme_builder_area=&#8221;post_content&#8221;][\/et_pb_heading][\/et_pb_column][\/et_pb_row][et_pb_row column_structure=&#8221;1_4,1_4,1_4,1_4&#8243; _builder_version=&#8221;4.27.4&#8243; _module_preset=&#8221;default&#8221; custom_padding=&#8221;||34px|||&#8221; global_colors_info=&#8221;{}&#8221; theme_builder_area=&#8221;post_content&#8221;][et_pb_column type=&#8221;1_4&#8243; _builder_version=&#8221;4.27.4&#8243; _module_preset=&#8221;default&#8221; global_colors_info=&#8221;{}&#8221; theme_builder_area=&#8221;post_content&#8221;][et_pb_text _builder_version=&#8221;4.27.4&#8243; _module_preset=&#8221;default&#8221; text_font_size=&#8221;20px&#8221; text_line_height=&#8221;1.6em&#8221; background_color=&#8221;#FFF8D5&#8243; custom_padding=&#8221;16px|30px|16px|30px|true|true&#8221; border_radii=&#8221;on|10px|10px|10px|10px&#8221; border_width_all=&#8221;3px&#8221; border_color_all=&#8221;#8A0400&#8243; box_shadow_style=&#8221;preset4&#8243; box_shadow_color=&#8221;#8A0400&#8243; global_colors_info=&#8221;{}&#8221; theme_builder_area=&#8221;post_content&#8221;]<\/p>\n<div class=\"elementor-column elementor-col-20 elementor-top-column elementor-element elementor-element-93c70b3\" data-id=\"93c70b3\" data-element_type=\"column\" data-settings=\"{&quot;background_background&quot;:&quot;classic&quot;}\">\n<div class=\"elementor-widget-wrap elementor-element-populated\">\n<div class=\"elementor-element elementor-element-f188a9e elementor-widget elementor-widget-text-editor\" data-id=\"f188a9e\" data-element_type=\"widget\" data-widget_type=\"text-editor.default\">\n<div class=\"elementor-widget-container\">\n<p>Fuera de la ense\u00f1anza y la lengua, mis pasiones son <strong>la escritura<\/strong> y la <strong>lectura<\/strong>, la <strong>naturaleza<\/strong> y cualquier <strong>actvidad creativa<\/strong>: pintar, tomar fotos\u2026<\/p>\n<\/div>\n<\/div>\n<\/div>\n<\/div>\n<p>[\/et_pb_text][\/et_pb_column][et_pb_column type=&#8221;1_4&#8243; _builder_version=&#8221;4.27.4&#8243; _module_preset=&#8221;default&#8221; global_colors_info=&#8221;{}&#8221; theme_builder_area=&#8221;post_content&#8221;][et_pb_text _builder_version=&#8221;4.27.4&#8243; _module_preset=&#8221;default&#8221; text_font_size=&#8221;20px&#8221; text_line_height=&#8221;1.6em&#8221; background_color=&#8221;#FFF8D5&#8243; custom_padding=&#8221;7px|30px|7px|30px|true|true&#8221; border_radii=&#8221;on|10px|10px|10px|10px&#8221; border_width_all=&#8221;3px&#8221; border_color_all=&#8221;#8A0400&#8243; box_shadow_style=&#8221;preset4&#8243; box_shadow_color=&#8221;#8A0400&#8243; global_colors_info=&#8221;{}&#8221; theme_builder_area=&#8221;post_content&#8221;]<\/p>\n<div class=\"elementor-column elementor-col-20 elementor-top-column elementor-element elementor-element-93c70b3\" data-id=\"93c70b3\" data-element_type=\"column\" data-settings=\"{&quot;background_background&quot;:&quot;classic&quot;}\">\n<p>Soy de <strong>Terres de l'Ebre<\/strong>, en el sur de Catalu\u00f1a, pero he vivido muchos a\u00f1os en <strong>Barcelona<\/strong>. Te puedo hablar tanto en <strong>catal\u00e1n occidental<\/strong> como en <strong>catal\u00e1n oriental.<\/strong><\/p>\n<p><strong><\/strong><\/p>\n<\/div>\n<p>[\/et_pb_text][\/et_pb_column][et_pb_column type=&#8221;1_4&#8243; _builder_version=&#8221;4.27.4&#8243; _module_preset=&#8221;default&#8221; global_colors_info=&#8221;{}&#8221; theme_builder_area=&#8221;post_content&#8221;][et_pb_text _builder_version=&#8221;4.27.4&#8243; _module_preset=&#8221;default&#8221; text_font_size=&#8221;20px&#8221; text_line_height=&#8221;1.6em&#8221; background_color=&#8221;#FFF8D5&#8243; custom_padding=&#8221;27px|30px|27px|30px|true|true&#8221; border_radii=&#8221;on|10px|10px|10px|10px&#8221; border_width_all=&#8221;3px&#8221; border_color_all=&#8221;#8A0400&#8243; box_shadow_style=&#8221;preset4&#8243; box_shadow_color=&#8221;#8A0400&#8243; global_colors_info=&#8221;{}&#8221; theme_builder_area=&#8221;post_content&#8221;]<\/p>\n<div class=\"elementor-column elementor-col-20 elementor-top-column elementor-element elementor-element-eaa35f9 elementor-hidden-tablet elementor-hidden-mobile\" data-id=\"eaa35f9\" data-element_type=\"column\" data-settings=\"{&quot;background_background&quot;:&quot;classic&quot;}\">\n<div class=\"elementor-widget-wrap elementor-element-populated\">\n<div class=\"elementor-element elementor-element-b492fc1 elementor-widget elementor-widget-text-editor\" data-id=\"b492fc1\" data-element_type=\"widget\" data-widget_type=\"text-editor.default\">\n<div class=\"elementor-widget-container\">\n<p>He<strong> publicado un poemario<\/strong>, titulado <strong><em>Esta negra mala herba<\/em><\/strong>, escrito con el dialecto catal\u00e1n occidental. Gan\u00f3 el <strong>25\u00ba Premio Joan Duch de Poes\u00eda<\/strong> para J\u00f3venes Escritores.<\/p>\n<\/div>\n<\/div>\n<\/div>\n<\/div>\n<div class=\"elementor-column elementor-col-20 elementor-top-column elementor-element elementor-element-e8ef224 elementor-hidden-tablet elementor-hidden-mobile\" data-id=\"e8ef224\" data-element_type=\"column\" data-settings=\"{&quot;background_background&quot;:&quot;classic&quot;}\">\n<div class=\"elementor-widget-wrap elementor-element-populated\">\n<div class=\"elementor-element elementor-element-f6b12bc elementor-widget elementor-widget-text-editor\" data-id=\"f6b12bc\" data-element_type=\"widget\" data-widget_type=\"text-editor.default\">\n<div class=\"elementor-widget-container\"><\/div>\n<\/div>\n<\/div>\n<\/div>\n<p>[\/et_pb_text][\/et_pb_column][et_pb_column type=&#8221;1_4&#8243; _builder_version=&#8221;4.27.4&#8243; _module_preset=&#8221;default&#8221; global_colors_info=&#8221;{}&#8221; theme_builder_area=&#8221;post_content&#8221;][et_pb_text _builder_version=&#8221;4.27.4&#8243; _module_preset=&#8221;default&#8221; text_font_size=&#8221;20px&#8221; text_line_height=&#8221;1.6em&#8221; background_color=&#8221;#FFF8D5&#8243; custom_padding=&#8221;20px|30px|20px|30px|true|true&#8221; border_radii=&#8221;on|10px|10px|10px|10px&#8221; border_width_all=&#8221;3px&#8221; border_color_all=&#8221;#8A0400&#8243; box_shadow_style=&#8221;preset4&#8243; box_shadow_color=&#8221;#8A0400&#8243; global_colors_info=&#8221;{}&#8221; theme_builder_area=&#8221;post_content&#8221;]<\/p>\n<div class=\"elementor-column elementor-col-20 elementor-top-column elementor-element elementor-element-eaa35f9 elementor-hidden-tablet elementor-hidden-mobile\" data-id=\"eaa35f9\" data-element_type=\"column\" data-settings=\"{&quot;background_background&quot;:&quot;classic&quot;}\">\n<div class=\"elementor-widget-wrap elementor-element-populated\">\n<div class=\"elementor-element elementor-element-b492fc1 elementor-widget elementor-widget-text-editor\" data-id=\"b492fc1\" data-element_type=\"widget\" data-widget_type=\"text-editor.default\">\n<div class=\"elementor-widget-container\">\n<p>Dicen mis alumnos que soy una persona <strong>comprensiva<\/strong> y con <strong>mucha paciencia<\/strong>\u2026 Por mi parte, har\u00e9 todo lo posible para que <strong>te sientas c\u00f3modo\/a<\/strong> en nuestras clases.<\/p>\n<\/div>\n<\/div>\n<\/div>\n<\/div>\n<p>[\/et_pb_text][\/et_pb_column][\/et_pb_row][\/et_pb_section]<\/p>","protected":false},"excerpt":{"rendered":"<p>Soc la Mireia, professora de catal\u00e0, correctora, traductora i escriptora. Amb crema\u00b7catalana, he creat un espai per posar al teu servei la meva gran passi\u00f3: la llengua.\u00a0 El meu objectiu \u00e9s que aprendre catal\u00e0 no sigui una tasca dura i avorrida: vull transmetre&#8217;t la riquesa de la meva llengua i la seva cultura d&#8217;una manera [&hellip;]<\/p>","protected":false},"author":1,"featured_media":0,"parent":0,"menu_order":0,"comment_status":"closed","ping_status":"closed","template":"","meta":{"_et_pb_use_builder":"on","_et_pb_old_content":"","_et_gb_content_width":"","footnotes":""},"class_list":["post-279","page","type-page","status-publish","hentry"],"_links":{"self":[{"href":"https:\/\/cremacatalana.net\/es\/wp-json\/wp\/v2\/pages\/279","targetHints":{"allow":["GET"]}}],"collection":[{"href":"https:\/\/cremacatalana.net\/es\/wp-json\/wp\/v2\/pages"}],"about":[{"href":"https:\/\/cremacatalana.net\/es\/wp-json\/wp\/v2\/types\/page"}],"author":[{"embeddable":true,"href":"https:\/\/cremacatalana.net\/es\/wp-json\/wp\/v2\/users\/1"}],"replies":[{"embeddable":true,"href":"https:\/\/cremacatalana.net\/es\/wp-json\/wp\/v2\/comments?post=279"}],"version-history":[{"count":15,"href":"https:\/\/cremacatalana.net\/es\/wp-json\/wp\/v2\/pages\/279\/revisions"}],"predecessor-version":[{"id":697,"href":"https:\/\/cremacatalana.net\/es\/wp-json\/wp\/v2\/pages\/279\/revisions\/697"}],"wp:attachment":[{"href":"https:\/\/cremacatalana.net\/es\/wp-json\/wp\/v2\/media?parent=279"}],"curies":[{"name":"wp","href":"https:\/\/api.w.org\/{rel}","templated":true}]}}