{"id":230,"date":"2025-08-11T09:49:01","date_gmt":"2025-08-11T09:49:01","guid":{"rendered":"https:\/\/cremacatalana.net\/?page_id=230"},"modified":"2025-08-11T09:51:23","modified_gmt":"2025-08-11T09:51:23","slug":"declacarcio-daccesibilitat","status":"publish","type":"page","link":"https:\/\/cremacatalana.net\/es\/declacarcio-daccesibilitat\/","title":{"rendered":"Declacarci\u00f3n de Accesibilidad"},"content":{"rendered":"[et_pb_section][et_pb_row][et_pb_column type=&#8221;4_4&#8243;][et_pb_text]<!-- divi:paragraph -->\n<p><strong>Cremacatalana Se compromete a proporcionar una experiencia de sitio web totalmente accesible para todas las personas usuarias de todas las capacidades, incluidas aqu\u00e9llas que dependen de tecnolog\u00edas de asistencia como lectores de pantalla, software de ampliaci\u00f3n de pantalla y dispositivos de entrada de teclado alternativos para navegar por la web.<\/strong><\/p>\n<!-- \/divi:paragraph -->\n\n<!-- divi:heading {\"level\":3} -->\n<h3 class=\"wp-block-heading\">Esfuerzos continuos para garantizar la accesibilidad<\/h3>\n<!-- \/divi:heading -->\n\n<!-- divi:paragraph -->\n<p>Seguimos las <em>Pautas de Accesibilidad al Contenido Web<\/em> (WCAG) versi\u00f3n 2.1 como principio rector para determinar la accesibilidad. Se trata de est\u00e1ndares consensuados internacionalmente que abarcan una amplia gama de recomendaciones y buenas pr\u00e1cticas para que el contenido sea usable. A medida que a\u00f1adimos nuevas p\u00e1ginas y funcionalidades a nuestro sitio web, todos los dise\u00f1os, c\u00f3digo y pr\u00e1cticas de entrada de contenido se verifican con estos est\u00e1ndares.<\/p>\n<!-- \/divi:paragraph -->\n\n<!-- divi:paragraph -->\n<p>La accesibilidad del sitio web es un proceso continuo. Ponemos a prueba de forma constante el contenido y las funcionalidades para garantizar el cumplimiento de WCAG 2.1 Nivel AA y resolvemos cualquier problema para asegurar que cumplimos o superamos los est\u00e1ndares. Nuestro equipo realiza pruebas del sitio web utilizando herramientas est\u00e1ndar del sector, como el complemento de WordPress para comprobar la accesibilidad, analizadores de contraste de color, t\u00e9cnicas de navegaci\u00f3n s\u00f3lo con teclado y pruebas de legibilidad de Flesch-Kincaid.<\/p>\n<!-- \/divi:paragraph -->\n\n<!-- divi:heading {\"level\":3} -->\n<h3 class=\"wp-block-heading\">Estado de cumplimiento<\/h3>\n<!-- \/divi:heading -->\n\n<!-- divi:paragraph -->\n<p>Este sitio web es parcialmente compatible con el Real decreto 1112\/2018 debido a las no conformidades que se enumeran a continuaci\u00f3n.<\/p>\n<!-- \/divi:paragraph -->\n\n<!-- divi:heading {\"level\":3} -->\n<h3 class=\"wp-block-heading\">Contenido no accesible<\/h3>\n<!-- \/divi:heading -->\n\n<!-- divi:paragraph -->\n<p><strong>Incumplimiento del Real Decreto 1112\/2018:<\/strong><\/p>\n<!-- \/divi:paragraph -->\n\n<!-- divi:list -->\n<ul class=\"wp-block-list\"><!-- divi:list-item -->\n<li>Algunas im\u00e1genes pueden no tener texto alternativo adecuado o preciso \u2013 Requisito 9.1.1.1 Contenido no textual UNE-EN 301549:2022.<\/li>\n<!-- \/divi:list-item -->\n\n<!-- divi:list-item -->\n<li>Algunos v\u00eddeos pueden no tener subtitulaci\u00f3n o texto descriptivo.<\/li>\n<!-- \/divi:list-item -->\n\n<!-- divi:list-item -->\n<li>Es posible que algunos campos de formulario no admitan la funci\u00f3n de autocompletar \u2013 Requisito 9.1.3.5 Identificar el prop\u00f3sito de la entrada UNE-EN 301549:2022.<\/li>\n<!-- \/divi:list-item -->\n\n<!-- divi:list-item -->\n<li>Puede haber errores editoriales ocasionales en algunas p\u00e1ginas web.<\/li>\n<!-- \/divi:list-item --><\/ul>\n<!-- \/divi:list -->\n\n<!-- divi:paragraph -->\n<p><strong>Carga desproporcionada:<\/strong><\/p>\n<!-- \/divi:paragraph -->\n\n<!-- divi:list -->\n<ul class=\"wp-block-list\"><!-- divi:list-item -->\n<li>No aplicable.<\/li>\n<!-- \/divi:list-item --><\/ul>\n<!-- \/divi:list -->\n\n<!-- divi:paragraph -->\n<p><strong>Contenido fuera del \u00e1mbito de aplicaci\u00f3n de la legislaci\u00f3n vigente:<\/strong><\/p>\n<!-- \/divi:paragraph -->\n\n<!-- divi:list -->\n<ul class=\"wp-block-list\"><!-- divi:list-item -->\n<li>Es posible que los documentos de Office en formato PDF u otros formatos publicados antes del 20 de septiembre de 2018 no cumplan totalmente los requisitos de accesibilidad.<\/li>\n<!-- \/divi:list-item -->\n\n<!-- divi:list-item -->\n<li>Es posible que el contenido de terceros no desarrollado por o bajo el control de esta entidad, como por ejemplo los documentos proporcionados por otras organizaciones, no sea totalmente accesible.<\/li>\n<!-- \/divi:list-item --><\/ul>\n<!-- \/divi:list -->\n\n<!-- divi:heading {\"level\":3} -->\n<h3 class=\"wp-block-heading\">Contacto de soporte de accesibilidad<\/h3>\n<!-- \/divi:heading -->\n\n<!-- divi:paragraph -->\n<p>Agradecemos sus comentarios, preguntas y sugerencias sobre nuestro sitio web. Si utiliza tecnolog\u00edas de asistencia y tiene dificultades para utilizar nuestro sitio web, env\u00ede un correo electr\u00f3nico a <strong><a>hola@cremacatalana.net<\/a><\/strong>. Haremos todo lo posible para ayudarle y resolver cualquier problema.<\/p>\n<!-- \/divi:paragraph -->\n\n<!-- divi:heading {\"level\":3} -->\n<h3 class=\"wp-block-heading\">Solicitudes y quejas<\/h3>\n<!-- \/divi:heading -->\n\n<!-- divi:paragraph -->\n<p>Puede presentar:<\/p>\n<!-- \/divi:paragraph -->\n\n<!-- divi:list -->\n<ul class=\"wp-block-list\"><!-- divi:list-item -->\n<li>Una queja sobre el cumplimiento de los requisitos de accesibilidad.<\/li>\n<!-- \/divi:list-item -->\n\n<!-- divi:list-item -->\n<li>Una solicitud de informaci\u00f3n accesible, como por ejemplo:<!-- divi:list -->\n<ul class=\"wp-block-list\"><!-- divi:list-item -->\n<li>Contenidos excluidos del \u00e1mbito de aplicaci\u00f3n del Real Decreto 1112\/2018 en virtud del art\u00edculo 3, apartado 4.<\/li>\n<!-- \/divi:list-item -->\n\n<!-- divi:list-item -->\n<li>Contenido exento de requisitos de accesibilidad a causa de una carga desproporcionada.<\/li>\n<!-- \/divi:list-item --><\/ul>\n<!-- \/divi:list --><\/li>\n<!-- \/divi:list-item --><\/ul>\n<!-- \/divi:list -->\n\n<!-- divi:paragraph -->\n<p>Para las solicitudes de informaci\u00f3n accesible, especifique claramente los hechos, motivos y peticiones para garantizar que su consulta sea razonable y leg\u00edtima.<\/p>\n<!-- \/divi:paragraph -->\n\n<!-- divi:heading {\"level\":3} -->\n<h3 class=\"wp-block-heading\">Contenido opcional<\/h3>\n<!-- \/divi:heading -->\n\n<!-- divi:paragraph -->\n<p>Este sitio web est\u00e1 dise\u00f1ado para permitir a los usuarios ajustar el tama\u00f1o y los colores del texto, as\u00ed como el fondo de la p\u00e1gina, a trav\u00e9s de la configuraci\u00f3n est\u00e1ndar del navegador.<\/p>\n<!-- \/divi:paragraph -->\n\n<!-- divi:paragraph -->\n<p><strong>Para ajustar el tama\u00f1o del texto en los navegadores m\u00e1s populares:<\/strong><\/p>\n<!-- \/divi:paragraph -->\n\n<!-- divi:list -->\n<ul class=\"wp-block-list\"><!-- divi:list-item -->\n<li>Internet Explorer, Mozilla Firefox: <em>Ver<\/em> > <em>Tama\u00f1o del texto<\/em><\/li>\n<!-- \/divi:list-item -->\n\n<!-- divi:list-item -->\n<li>Opera: <em>Ver<\/em> > <em>Zoom<\/em><\/li>\n<!-- \/divi:list-item -->\n\n<!-- divi:list-item -->\n<li>Safari: <em>Ver<\/em> > <em>Ampliar texto<\/em><\/li>\n<!-- \/divi:list-item -->\n\n<!-- divi:list-item -->\n<li>Chrome: <em>Personaliza y controla<\/em> > <em>Tama\u00f1o del texto<\/em><\/li>\n<!-- \/divi:list-item --><\/ul>\n<!-- \/divi:list -->\n\n<!-- divi:paragraph -->\n<p><strong>Para cambiar el tama\u00f1o de toda la p\u00e1gina:<\/strong><\/p>\n<!-- \/divi:paragraph -->\n\n<!-- divi:list -->\n<ul class=\"wp-block-list\"><!-- divi:list-item -->\n<li><code>Ctrl+0<\/code> para restablecer al tama\u00f1o original.<\/li>\n<!-- \/divi:list-item -->\n\n<!-- divi:list-item -->\n<li><code>Ctrl + +<\/code> para aumentar.<\/li>\n<!-- \/divi:list-item -->\n\n<!-- divi:list-item -->\n<li><code>Ctrl + \u2013<\/code> por disminuir.<\/li>\n<!-- \/divi:list-item --><\/ul>\n<!-- \/divi:list -->[\/et_pb_text][\/et_pb_column][\/et_pb_row][\/et_pb_section]","protected":false},"excerpt":{"rendered":"<p><div class=\"et_pb_section et_pb_section_0 et_section_regular\" >\n\t\t\t\t\n\t\t\t\t\n\t\t\t\t\n\t\t\t\t\n\t\t\t\t\n\t\t\t\t\n\t\t\t\t\n\t\t\t\t\n\t\t\t\t\n\t\t\t<\/div><div class=\"et_pb_row et_pb_row_0 et_pb_row_empty\">\n\t\t\t\t\n\t\t\t\t\n\t\t\t\t\n\t\t\t\t\n\t\t\t\t\n\t\t\t<\/div><div class=\"et_pb_module et_pb_text et_pb_text_0  et_pb_text_align_left et_pb_bg_layout_light\">\n\t\t\t\t\n\t\t\t\t\n\t\t\t\t\n\t\t\t\t\n\t\t\t\t\n\t\t\t<\/div> Cremacatalana Es compromet a proporcionar una experi\u00e8ncia de lloc web totalment accessible per a totes les persones usu\u00e0ries de totes les capacitats, incloses aquelles que depenen de tecnologies d\u2019assist\u00e8ncia com lectors de pantalla, programari d\u2019ampliaci\u00f3 de pantalla i dispositius d\u2019entrada de teclat alternatius per navegar per la web. Esfor\u00e7os continus per garantir l\u2019accessibilitat Seguim [&hellip;]<\/p>","protected":false},"author":1,"featured_media":0,"parent":0,"menu_order":0,"comment_status":"closed","ping_status":"closed","template":"","meta":{"_et_pb_use_builder":"on","_et_pb_old_content":"<!-- wp:paragraph -->\n<p><strong>Cremacatalana Es compromet a proporcionar una experi\u00e8ncia de lloc web totalment accessible per a totes les persones usu\u00e0ries de totes les capacitats, incloses aquelles que depenen de tecnologies d\u2019assist\u00e8ncia com lectors de pantalla, programari d\u2019ampliaci\u00f3 de pantalla i dispositius d\u2019entrada de teclat alternatius per navegar per la web.<\/strong><\/p>\n<!-- \/wp:paragraph -->\n\n<!-- wp:heading {\"level\":3} -->\n<h3 class=\"wp-block-heading\">Esfor\u00e7os continus per garantir l\u2019accessibilitat<\/h3>\n<!-- \/wp:heading -->\n\n<!-- wp:paragraph -->\n<p>Seguim les <em>Pautes d\u2019Accessibilitat al Contingut Web<\/em> (WCAG) versi\u00f3 2.1 com a principi rector per determinar l\u2019accessibilitat. Es tracta d\u2019est\u00e0ndards consensuats internacionalment que abasten una \u00e0mplia gamma de recomanacions i bones pr\u00e0ctiques per fer que el contingut sigui usable. A mesura que afegim noves p\u00e0gines i funcionalitats al nostre lloc web, tots els dissenys, el codi i les pr\u00e0ctiques d\u2019entrada de contingut es verifiquen amb aquests est\u00e0ndards.<\/p>\n<!-- \/wp:paragraph -->\n\n<!-- wp:paragraph -->\n<p>L\u2019accessibilitat del lloc web \u00e9s un proc\u00e9s continu. Posem a prova de manera constant el contingut i les funcionalitats per garantir el compliment de WCAG 2.1 Nivell AA i resolem qualsevol problema per assegurar que complim o superem els est\u00e0ndards. El nostre equip fa proves del lloc web utilitzant eines est\u00e0ndard del sector, com el complement de WordPress per comprovar l\u2019accessibilitat, analitzadors de contrast de color, t\u00e8cniques de navegaci\u00f3 nom\u00e9s amb teclat i proves de llegibilitat de Flesch-Kincaid.<\/p>\n<!-- \/wp:paragraph -->\n\n<!-- wp:heading {\"level\":3} -->\n<h3 class=\"wp-block-heading\">Estat de compliment<\/h3>\n<!-- \/wp:heading -->\n\n<!-- wp:paragraph -->\n<p>Aquest lloc web \u00e9s parcialment compatible amb el Reial decret 1112\/2018 a causa de les no conformitats que s\u2019enumeren a continuaci\u00f3.<\/p>\n<!-- \/wp:paragraph -->\n\n<!-- wp:heading {\"level\":3} -->\n<h3 class=\"wp-block-heading\">Contingut no accessible<\/h3>\n<!-- \/wp:heading -->\n\n<!-- wp:paragraph -->\n<p><strong>Incompliment del Reial decret 1112\/2018:<\/strong><\/p>\n<!-- \/wp:paragraph -->\n\n<!-- wp:list -->\n<ul class=\"wp-block-list\"><!-- wp:list-item -->\n<li>Algunes imatges poden no tenir text alternatiu adequat o prec\u00eds \u2013 Requisit 9.1.1.1 Contingut no textual UNE-EN 301549:2022.<\/li>\n<!-- \/wp:list-item -->\n\n<!-- wp:list-item -->\n<li>Alguns v\u00eddeos poden no tenir subtitulaci\u00f3 o text descriptiu.<\/li>\n<!-- \/wp:list-item -->\n\n<!-- wp:list-item -->\n<li>\u00c9s possible que alguns camps de formulari no admetin la funci\u00f3 d\u2019autocompletar \u2013 Requisit 9.1.3.5 Identificar el prop\u00f2sit de l\u2019entrada UNE-EN 301549:2022.<\/li>\n<!-- \/wp:list-item -->\n\n<!-- wp:list-item -->\n<li>Pot haver-hi errors editorials ocasionals en algunes p\u00e0gines web.<\/li>\n<!-- \/wp:list-item --><\/ul>\n<!-- \/wp:list -->\n\n<!-- wp:paragraph -->\n<p><strong>C\u00e0rrega desproporcionada:<\/strong><\/p>\n<!-- \/wp:paragraph -->\n\n<!-- wp:list -->\n<ul class=\"wp-block-list\"><!-- wp:list-item -->\n<li>No aplicable.<\/li>\n<!-- \/wp:list-item --><\/ul>\n<!-- \/wp:list -->\n\n<!-- wp:paragraph -->\n<p><strong>Contingut fora de l\u2019\u00e0mbit d\u2019aplicaci\u00f3 de la legislaci\u00f3 vigent:<\/strong><\/p>\n<!-- \/wp:paragraph -->\n\n<!-- wp:list -->\n<ul class=\"wp-block-list\"><!-- wp:list-item -->\n<li>\u00c9s possible que els documents d\u2019Office en format PDF o altres formats publicats abans del 20 de setembre de 2018 no compleixin totalment els requisits d\u2019accessibilitat.<\/li>\n<!-- \/wp:list-item -->\n\n<!-- wp:list-item -->\n<li>\u00c9s possible que el contingut de tercers no desenvolupat per o sota el control d\u2019aquesta entitat, com ara els documents proporcionats per altres organitzacions, no sigui totalment accessible.<\/li>\n<!-- \/wp:list-item --><\/ul>\n<!-- \/wp:list -->\n\n<!-- wp:heading {\"level\":3} -->\n<h3 class=\"wp-block-heading\">Contacte de suport d\u2019accessibilitat<\/h3>\n<!-- \/wp:heading -->\n\n<!-- wp:paragraph -->\n<p>Agra\u00efm els vostres comentaris, preguntes i suggeriments sobre el nostre lloc web. Si utilitzeu tecnologies d\u2019assist\u00e8ncia i teniu dificultats per utilitzar el nostre lloc web, envieu un correu electr\u00f2nic a <strong><a>hola@cremacatalana.net<\/a><\/strong>. Farem tot el possible per ajudar-vos i resoldre qualsevol problema.<\/p>\n<!-- \/wp:paragraph -->\n\n<!-- wp:heading {\"level\":3} -->\n<h3 class=\"wp-block-heading\">Sol\u00b7licituds i queixes<\/h3>\n<!-- \/wp:heading -->\n\n<!-- wp:paragraph -->\n<p>Podeu presentar:<\/p>\n<!-- \/wp:paragraph -->\n\n<!-- wp:list -->\n<ul class=\"wp-block-list\"><!-- wp:list-item -->\n<li>Una queixa sobre el compliment dels requisits d\u2019accessibilitat.<\/li>\n<!-- \/wp:list-item -->\n\n<!-- wp:list-item -->\n<li>Una sol\u00b7licitud d\u2019informaci\u00f3 accessible, com per exemple:<!-- wp:list -->\n<ul class=\"wp-block-list\"><!-- wp:list-item -->\n<li>Continguts exclosos de l\u2019\u00e0mbit d\u2019aplicaci\u00f3 del Reial decret 1112\/2018 en virtut de l\u2019article 3, apartat 4.<\/li>\n<!-- \/wp:list-item -->\n\n<!-- wp:list-item -->\n<li>Contingut exempt de requisits d\u2019accessibilitat a causa d\u2019una c\u00e0rrega desproporcionada.<\/li>\n<!-- \/wp:list-item --><\/ul>\n<!-- \/wp:list --><\/li>\n<!-- \/wp:list-item --><\/ul>\n<!-- \/wp:list -->\n\n<!-- wp:paragraph -->\n<p>Per a les sol\u00b7licituds d\u2019informaci\u00f3 accessible, especifiqueu clarament els fets, motius i peticions per garantir que la vostra consulta sigui raonable i leg\u00edtima.<\/p>\n<!-- \/wp:paragraph -->\n\n<!-- wp:heading {\"level\":3} -->\n<h3 class=\"wp-block-heading\">Contingut opcional<\/h3>\n<!-- \/wp:heading -->\n\n<!-- wp:paragraph -->\n<p>Aquest lloc web est\u00e0 dissenyat per permetre a les persones usu\u00e0ries ajustar la mida i els colors del text, aix\u00ed com el fons de la p\u00e0gina, a trav\u00e9s de la configuraci\u00f3 est\u00e0ndard del navegador.<\/p>\n<!-- \/wp:paragraph -->\n\n<!-- wp:paragraph -->\n<p><strong>Per ajustar la mida del text en els navegadors m\u00e9s populars:<\/strong><\/p>\n<!-- \/wp:paragraph -->\n\n<!-- wp:list -->\n<ul class=\"wp-block-list\"><!-- wp:list-item -->\n<li>Internet Explorer, Mozilla Firefox: <em>Veure<\/em> > <em>Mida del text<\/em><\/li>\n<!-- \/wp:list-item -->\n\n<!-- wp:list-item -->\n<li>Opera: <em>Veure<\/em> > <em>Zoom<\/em><\/li>\n<!-- \/wp:list-item -->\n\n<!-- wp:list-item -->\n<li>Safari: <em>Veure<\/em> > <em>Ampliar text<\/em><\/li>\n<!-- \/wp:list-item -->\n\n<!-- wp:list-item -->\n<li>Chrome: <em>Personalitza i controla<\/em> > <em>Mida del text<\/em><\/li>\n<!-- \/wp:list-item --><\/ul>\n<!-- \/wp:list -->\n\n<!-- wp:paragraph -->\n<p><strong>Per canviar la mida de tota la p\u00e0gina:<\/strong><\/p>\n<!-- \/wp:paragraph -->\n\n<!-- wp:list -->\n<ul class=\"wp-block-list\"><!-- wp:list-item -->\n<li><code>Ctrl + 0<\/code> per restablir a la mida original.<\/li>\n<!-- \/wp:list-item -->\n\n<!-- wp:list-item -->\n<li><code>Ctrl + +<\/code> per augmentar.<\/li>\n<!-- \/wp:list-item -->\n\n<!-- wp:list-item -->\n<li><code>Ctrl + \u2013<\/code> per disminuir.<\/li>\n<!-- \/wp:list-item --><\/ul>\n<!-- \/wp:list -->","_et_gb_content_width":"","footnotes":""},"class_list":["post-230","page","type-page","status-publish","hentry"],"_links":{"self":[{"href":"https:\/\/cremacatalana.net\/es\/wp-json\/wp\/v2\/pages\/230","targetHints":{"allow":["GET"]}}],"collection":[{"href":"https:\/\/cremacatalana.net\/es\/wp-json\/wp\/v2\/pages"}],"about":[{"href":"https:\/\/cremacatalana.net\/es\/wp-json\/wp\/v2\/types\/page"}],"author":[{"embeddable":true,"href":"https:\/\/cremacatalana.net\/es\/wp-json\/wp\/v2\/users\/1"}],"replies":[{"embeddable":true,"href":"https:\/\/cremacatalana.net\/es\/wp-json\/wp\/v2\/comments?post=230"}],"version-history":[{"count":2,"href":"https:\/\/cremacatalana.net\/es\/wp-json\/wp\/v2\/pages\/230\/revisions"}],"predecessor-version":[{"id":234,"href":"https:\/\/cremacatalana.net\/es\/wp-json\/wp\/v2\/pages\/230\/revisions\/234"}],"wp:attachment":[{"href":"https:\/\/cremacatalana.net\/es\/wp-json\/wp\/v2\/media?parent=230"}],"curies":[{"name":"wp","href":"https:\/\/api.w.org\/{rel}","templated":true}]}}